{"id":66,"date":"2021-06-03T23:21:14","date_gmt":"2021-06-03T21:21:14","guid":{"rendered":"http:\/\/arndt-betriebssicherheit.de\/wp_2016-06\/?page_id=66"},"modified":"2021-06-16T16:14:35","modified_gmt":"2021-06-16T14:14:35","slug":"brandschutz","status":"publish","type":"page","link":"https:\/\/arndt-betriebssicherheit.de\/?page_id=66","title":{"rendered":"Brandschutz"},"content":{"rendered":"\n<h1 class=\"wp-block-heading\">BETREUUNG, PR\u00dcFDIENST, AUSSTATTUNG<\/h1>\n\n\n\n<p><strong>Brandschutz \u2013 ein brandhei\u00dfes Thema mit vielen Facetten!<\/strong><br><strong>Das k\u00f6nnen Sie von uns erwarten:<\/strong><\/p>\n\n\n\n<ul><li>Betreuung als externer Brandschutzbeauftragter: Betriebsbegehung, Dokumentation, Beh\u00f6rdenkontakte, Berichte f\u00fcr Versicherungen, \u2026<\/li><li>Beratung bei Bauma\u00dfnahmen bez\u00fcglich der Optimierung von Brandschutzkonzepten VOR Antragstellung<\/li><li>Ausstattung Ihrer R\u00e4umlichkeiten und Fahrzeuge mit Feuerl\u00f6schger\u00e4ten<\/li><li>Wartung und Instandhaltung von Feuerl\u00f6schger\u00e4ten, Feststellanlagen usw.<\/li><li>Wiederkehrende Pr\u00fcfungen von Rauch- und W\u00e4rmeabzugsanlagen<\/li><li>Wiederkehrende Pr\u00fcfung von Hydranten<\/li><li>Installation und Wartung von Rauchwarnmeldern (zertifizierte Q-Fachkraft)<\/li><li>Ausbildung von Brandschutzhelfern nach DGUV Information 205-023 | <a rel=\"noreferrer noopener\" referrerpolicy=\"origin\" href=\"http:\/\/arndt-betriebssicherheit.de\/wp_2016-06\/?page_id=36\" data-type=\"URL\" data-id=\"http:\/\/arndt-betriebssicherheit.de\/wp_2016-06\/?page_id=36\" target=\"_blank\">Details: Hier klicken!<\/a><\/li><li>Mitarbeiterunterweisungen<\/li><li>Gef\u00e4hrdungsbeurteilungen<\/li><li>Flucht- und Rettungspl\u00e4ne, Feuerwehrpl\u00e4ne, Brandschutzordnung<\/li><li>Erarbeiten ganzheitlicher Notfallkonzepte \u201cBrandschutz \u2013 Erste-Hilfe \u2013 Evakuierung\u201d mit Evakuierungs\u00fcbung, Dokumentation und Feuerwehrbegleitung<\/li><\/ul>\n\n\n\n<p><a referrerpolicy=\"origin\" href=\"https:\/\/www.arndt-asb.de\/Bauordnungen.html\"><strong>Bauordnungen der L\u00e4nder<\/strong><\/a><\/p>\n\n\n\n<figure class=\"wp-block-image size-large\"><img decoding=\"async\" width=\"1024\" height=\"614\" src=\"http:\/\/arndt-betriebssicherheit.de\/wp_2016-06\/wp-content\/uploads\/2021\/06\/Brandschutz-1024x614.png\" alt=\"\" class=\"wp-image-37\" srcset=\"https:\/\/arndt-betriebssicherheit.de\/wp-content\/uploads\/2021\/06\/Brandschutz-1024x614.png 1024w, https:\/\/arndt-betriebssicherheit.de\/wp-content\/uploads\/2021\/06\/Brandschutz-300x180.png 300w, https:\/\/arndt-betriebssicherheit.de\/wp-content\/uploads\/2021\/06\/Brandschutz-768x461.png 768w, https:\/\/arndt-betriebssicherheit.de\/wp-content\/uploads\/2021\/06\/Brandschutz-1536x922.png 1536w, https:\/\/arndt-betriebssicherheit.de\/wp-content\/uploads\/2021\/06\/Brandschutz-240x145.png 240w, https:\/\/arndt-betriebssicherheit.de\/wp-content\/uploads\/2021\/06\/Brandschutz.png 2000w\" sizes=\"(max-width: 1024px) 100vw, 1024px\" \/><\/figure>\n\n\n\n<div class=\"wp-block-image\"><figure class=\"aligncenter size-large\"><img decoding=\"async\" width=\"1024\" height=\"662\" src=\"http:\/\/arndt-betriebssicherheit.de\/wp_2016-06\/wp-content\/uploads\/2021\/06\/42B6BB9A-50BE-4E2C-8B50-F2D1F10978EB-1024x662.jpeg\" alt=\"\" class=\"wp-image-227\" srcset=\"https:\/\/arndt-betriebssicherheit.de\/wp-content\/uploads\/2021\/06\/42B6BB9A-50BE-4E2C-8B50-F2D1F10978EB-1024x662.jpeg 1024w, https:\/\/arndt-betriebssicherheit.de\/wp-content\/uploads\/2021\/06\/42B6BB9A-50BE-4E2C-8B50-F2D1F10978EB-300x194.jpeg 300w, https:\/\/arndt-betriebssicherheit.de\/wp-content\/uploads\/2021\/06\/42B6BB9A-50BE-4E2C-8B50-F2D1F10978EB-768x496.jpeg 768w, https:\/\/arndt-betriebssicherheit.de\/wp-content\/uploads\/2021\/06\/42B6BB9A-50BE-4E2C-8B50-F2D1F10978EB-1536x993.jpeg 1536w, https:\/\/arndt-betriebssicherheit.de\/wp-content\/uploads\/2021\/06\/42B6BB9A-50BE-4E2C-8B50-F2D1F10978EB.jpeg 2002w\" sizes=\"(max-width: 1024px) 100vw, 1024px\" \/><\/figure><\/div>\n","protected":false},"excerpt":{"rendered":"<p>BETREUUNG, PR\u00dcFDIENST, AUSSTATTUNG Brandschutz \u2013 ein brandhei\u00dfes Thema mit vielen Facetten!Das k\u00f6nnen Sie von uns erwarten: Betreuung als externer Brandschutzbeauftragter: Betriebsbegehung, Dokumentation, Beh\u00f6rdenkontakte, Berichte f\u00fcr Versicherungen, \u2026 Beratung bei Bauma\u00dfnahmen bez\u00fcglich der Optimierung von Brandschutzkonzepten VOR Antragstellung Ausstattung Ihrer R\u00e4umlichkeiten<\/p>\n","protected":false},"author":1,"featured_media":0,"parent":5,"menu_order":1,"comment_status":"closed","ping_status":"closed","template":"","meta":{"_regular_price":[],"currency_symbol":[],"footnotes":""},"post_slider_layout_featured_media_urls":{"thumbnail":"","post_slider_layout_landscape_large":"","post_slider_layout_portrait_large":"","post_slider_layout_square_large":"","post_slider_layout_landscape":"","post_slider_layout_portrait":"","post_slider_layout_square":"","full":""},"_links":{"self":[{"href":"https:\/\/arndt-betriebssicherheit.de\/index.php?rest_route=\/wp\/v2\/pages\/66"}],"collection":[{"href":"https:\/\/arndt-betriebssicherheit.de\/index.php?rest_route=\/wp\/v2\/pages"}],"about":[{"href":"https:\/\/arndt-betriebssicherheit.de\/index.php?rest_route=\/wp\/v2\/types\/page"}],"author":[{"embeddable":true,"href":"https:\/\/arndt-betriebssicherheit.de\/index.php?rest_route=\/wp\/v2\/users\/1"}],"replies":[{"embeddable":true,"href":"https:\/\/arndt-betriebssicherheit.de\/index.php?rest_route=%2Fwp%2Fv2%2Fcomments&post=66"}],"version-history":[{"count":11,"href":"https:\/\/arndt-betriebssicherheit.de\/index.php?rest_route=\/wp\/v2\/pages\/66\/revisions"}],"predecessor-version":[{"id":250,"href":"https:\/\/arndt-betriebssicherheit.de\/index.php?rest_route=\/wp\/v2\/pages\/66\/revisions\/250"}],"up":[{"embeddable":true,"href":"https:\/\/arndt-betriebssicherheit.de\/index.php?rest_route=\/wp\/v2\/pages\/5"}],"wp:attachment":[{"href":"https:\/\/arndt-betriebssicherheit.de\/index.php?rest_route=%2Fwp%2Fv2%2Fmedia&parent=66"}],"curies":[{"name":"wp","href":"https:\/\/api.w.org\/{rel}","templated":true}]}}