{"id":62,"date":"2021-06-03T23:18:58","date_gmt":"2021-06-03T21:18:58","guid":{"rendered":"http:\/\/arndt-betriebssicherheit.de\/wp_2016-06\/?page_id=62"},"modified":"2021-06-16T16:02:43","modified_gmt":"2021-06-16T14:02:43","slug":"betriebsmittelpuefungen","status":"publish","type":"page","link":"https:\/\/arndt-betriebssicherheit.de\/?page_id=62","title":{"rendered":"BETRIEBSMITTELP\u00dcFUNGEN"},"content":{"rendered":"\n<p>Sicheres Arbeiten ist die h\u00f6chste Verpflichtung eines Arbeitgebers gegen\u00fcber seinen Mitarbeitern. Dies verlangt die \u201cVerordnung \u00fcber Sicherheit und Gesundheitsschutz bei der Verwendung von Arbeitsmitteln (Betriebssicherheitsverordnung \u2013 BetrSichV)\u201d. Gef\u00e4hrdungsbeurteilungen in Verbindung mit Technische Regeln und Normen sowie Unfallverh\u00fctungsvorschriften der Berufsgenossenschaften geben die Pr\u00fcffristen und den Umfang der erforderlichen Pr\u00fcfungen vor. Wer sich als Unternehmer an diese Vorgaben h\u00e4lt, ist auf der sicheren Seite\u2026 Nicht nur im Schadensfall \u2013 auch im ganz normalen Arbeitsleben. Regelm\u00e4\u00dfige Pr\u00fcfungen sichern Ihre Investitionen: Sie stellen sicher, dass die zur Verf\u00fcgung gestellten Arbeitsmittel technisch in Ordnung sind, alterungs- und verschlei\u00dfbedingte Ver\u00e4nderungen festgestellt und dokumentiert werden, und dass bei vorschriftsm\u00e4\u00dfiger Bedienung keine erh\u00f6hten Gef\u00e4hrdungen davon ausgehen.<\/p>\n\n\n\n<p>Folgende BetrSichV-Pr\u00fcfungen und Untersuchungen f\u00fchren wir f\u00fcr Sie durch:<br>\u2022 Elektrische Betriebsmittelpr\u00fcfung gem. DGUV-V30<br>\u2022 DGUV-V70 an PKW, Transportern und LKW<br>\u2022 LKW-Ladebordw\u00e4nde<br>\u2022 Ladekr\u00e4ne<br>\u2022 Radlader<br>\u2022 Kompaktbagger<br>\u2022 Hebeb\u00fchnen und Achsfreiheber<br>\u2022 Hubwagen<br>\u2022 Rolltore gem. ASR 1.7<br>\u2022 Gabelstapler<br>\u2022 Sonstige Betriebsmittel<\/p>\n\n\n\n<p>Als Basis f\u00fcr die Pr\u00fcfungen erstellen wir f\u00fcr Sie Gef\u00e4hrdungsbeurteilungen.<\/p>\n\n\n\n<figure class=\"wp-block-image size-large\"><img decoding=\"async\" width=\"1024\" height=\"683\" src=\"http:\/\/arndt-betriebssicherheit.de\/wp_2016-06\/wp-content\/uploads\/2021\/06\/B131614A-9A63-484A-93BA-650BD5E17A8B-1024x683.jpeg\" alt=\"\" class=\"wp-image-223\" srcset=\"https:\/\/arndt-betriebssicherheit.de\/wp-content\/uploads\/2021\/06\/B131614A-9A63-484A-93BA-650BD5E17A8B-1024x683.jpeg 1024w, https:\/\/arndt-betriebssicherheit.de\/wp-content\/uploads\/2021\/06\/B131614A-9A63-484A-93BA-650BD5E17A8B-300x200.jpeg 300w, https:\/\/arndt-betriebssicherheit.de\/wp-content\/uploads\/2021\/06\/B131614A-9A63-484A-93BA-650BD5E17A8B-768x512.jpeg 768w, https:\/\/arndt-betriebssicherheit.de\/wp-content\/uploads\/2021\/06\/B131614A-9A63-484A-93BA-650BD5E17A8B-1536x1024.jpeg 1536w, https:\/\/arndt-betriebssicherheit.de\/wp-content\/uploads\/2021\/06\/B131614A-9A63-484A-93BA-650BD5E17A8B-2048x1365.jpeg 2048w, https:\/\/arndt-betriebssicherheit.de\/wp-content\/uploads\/2021\/06\/B131614A-9A63-484A-93BA-650BD5E17A8B-1200x800.jpeg 1200w, https:\/\/arndt-betriebssicherheit.de\/wp-content\/uploads\/2021\/06\/B131614A-9A63-484A-93BA-650BD5E17A8B-600x400.jpeg 600w\" sizes=\"(max-width: 1024px) 100vw, 1024px\" \/><\/figure>\n\n\n\n<figure class=\"wp-block-image size-large\"><img decoding=\"async\" width=\"1024\" height=\"662\" src=\"http:\/\/arndt-betriebssicherheit.de\/wp_2016-06\/wp-content\/uploads\/2021\/06\/42B6BB9A-50BE-4E2C-8B50-F2D1F10978EB-1024x662.jpeg\" alt=\"\" class=\"wp-image-227\" srcset=\"https:\/\/arndt-betriebssicherheit.de\/wp-content\/uploads\/2021\/06\/42B6BB9A-50BE-4E2C-8B50-F2D1F10978EB-1024x662.jpeg 1024w, https:\/\/arndt-betriebssicherheit.de\/wp-content\/uploads\/2021\/06\/42B6BB9A-50BE-4E2C-8B50-F2D1F10978EB-300x194.jpeg 300w, https:\/\/arndt-betriebssicherheit.de\/wp-content\/uploads\/2021\/06\/42B6BB9A-50BE-4E2C-8B50-F2D1F10978EB-768x496.jpeg 768w, https:\/\/arndt-betriebssicherheit.de\/wp-content\/uploads\/2021\/06\/42B6BB9A-50BE-4E2C-8B50-F2D1F10978EB-1536x993.jpeg 1536w, https:\/\/arndt-betriebssicherheit.de\/wp-content\/uploads\/2021\/06\/42B6BB9A-50BE-4E2C-8B50-F2D1F10978EB.jpeg 2002w\" sizes=\"(max-width: 1024px) 100vw, 1024px\" \/><\/figure>\n","protected":false},"excerpt":{"rendered":"<p>Sicheres Arbeiten ist die h\u00f6chste Verpflichtung eines Arbeitgebers gegen\u00fcber seinen Mitarbeitern. Dies verlangt die \u201cVerordnung \u00fcber Sicherheit und Gesundheitsschutz bei der Verwendung von Arbeitsmitteln (Betriebssicherheitsverordnung \u2013 BetrSichV)\u201d. Gef\u00e4hrdungsbeurteilungen in Verbindung mit Technische Regeln und Normen sowie Unfallverh\u00fctungsvorschriften der Berufsgenossenschaften geben<\/p>\n","protected":false},"author":1,"featured_media":0,"parent":5,"menu_order":4,"comment_status":"closed","ping_status":"closed","template":"","meta":{"_regular_price":[],"currency_symbol":[],"footnotes":""},"post_slider_layout_featured_media_urls":{"thumbnail":"","post_slider_layout_landscape_large":"","post_slider_layout_portrait_large":"","post_slider_layout_square_large":"","post_slider_layout_landscape":"","post_slider_layout_portrait":"","post_slider_layout_square":"","full":""},"_links":{"self":[{"href":"https:\/\/arndt-betriebssicherheit.de\/index.php?rest_route=\/wp\/v2\/pages\/62"}],"collection":[{"href":"https:\/\/arndt-betriebssicherheit.de\/index.php?rest_route=\/wp\/v2\/pages"}],"about":[{"href":"https:\/\/arndt-betriebssicherheit.de\/index.php?rest_route=\/wp\/v2\/types\/page"}],"author":[{"embeddable":true,"href":"https:\/\/arndt-betriebssicherheit.de\/index.php?rest_route=\/wp\/v2\/users\/1"}],"replies":[{"embeddable":true,"href":"https:\/\/arndt-betriebssicherheit.de\/index.php?rest_route=%2Fwp%2Fv2%2Fcomments&post=62"}],"version-history":[{"count":4,"href":"https:\/\/arndt-betriebssicherheit.de\/index.php?rest_route=\/wp\/v2\/pages\/62\/revisions"}],"predecessor-version":[{"id":243,"href":"https:\/\/arndt-betriebssicherheit.de\/index.php?rest_route=\/wp\/v2\/pages\/62\/revisions\/243"}],"up":[{"embeddable":true,"href":"https:\/\/arndt-betriebssicherheit.de\/index.php?rest_route=\/wp\/v2\/pages\/5"}],"wp:attachment":[{"href":"https:\/\/arndt-betriebssicherheit.de\/index.php?rest_route=%2Fwp%2Fv2%2Fmedia&parent=62"}],"curies":[{"name":"wp","href":"https:\/\/api.w.org\/{rel}","templated":true}]}}