{"id":291,"date":"2021-12-28T22:55:53","date_gmt":"2021-12-28T21:55:53","guid":{"rendered":"http:\/\/arndt-betriebssicherheit.de\/?page_id=291"},"modified":"2021-12-28T23:01:34","modified_gmt":"2021-12-28T22:01:34","slug":"mark-save-a-life","status":"publish","type":"page","link":"https:\/\/arndt-betriebssicherheit.de\/?page_id=291","title":{"rendered":"Evakuierung und Rettung"},"content":{"rendered":"\n<p class=\"has-large-font-size\"> <img decoding=\"async\" width=\"150\" height=\"56\" class=\"wp-image-304\" style=\"width: 150px;\" src=\"http:\/\/arndt-betriebssicherheit.de\/wp-content\/uploads\/2021\/12\/MARK-Save-A-Life-Logo.png\" alt=\"\"><\/p>\n\n\n\n<p>Als &#8222;Silber Partner&#8220; der MARK Save A Life GmbH in \u00d6sterreich bieten wir Ihnen die gesamte Produktpalette sowie Montage von Evakuierungssystemen in Ihrer Immobilie an. Service, j\u00e4hrliche Wiederkehrende Pr\u00fcfung und Anwenderschulung werden in K\u00fcrze auch m\u00f6glich sein. <\/p>\n\n\n\n<p>Wo kein zweiter baulicher Rettungsweg vorhanden oder m\u00f6glich ist, biete sich das MARK Save A Life System an:<\/p>\n\n\n\n<figure class=\"wp-block-image size-large\"><img decoding=\"async\" width=\"1024\" height=\"272\" src=\"http:\/\/arndt-betriebssicherheit.de\/wp-content\/uploads\/2021\/12\/selbstrettung-2-1024x272.jpg\" alt=\"\" class=\"wp-image-301\" srcset=\"https:\/\/arndt-betriebssicherheit.de\/wp-content\/uploads\/2021\/12\/selbstrettung-2-1024x272.jpg 1024w, https:\/\/arndt-betriebssicherheit.de\/wp-content\/uploads\/2021\/12\/selbstrettung-2-300x80.jpg 300w, https:\/\/arndt-betriebssicherheit.de\/wp-content\/uploads\/2021\/12\/selbstrettung-2-768x204.jpg 768w, https:\/\/arndt-betriebssicherheit.de\/wp-content\/uploads\/2021\/12\/selbstrettung-2-1536x407.jpg 1536w, https:\/\/arndt-betriebssicherheit.de\/wp-content\/uploads\/2021\/12\/selbstrettung-2-2048x543.jpg 2048w\" sizes=\"(max-width: 1024px) 100vw, 1024px\" \/><figcaption><strong>SELBSTRETTUNG<\/strong><br><br><br><br>Stellen Sie sich vor, es brennt. Das Treppenhaus und die Ausg\u00e4nge sind verraucht. Sie sind von den Flammen eingeschlossen. Die Feuerwehr ist schon auf dem Weg \u2013 aber eben noch nicht da! Der einzige Fluchtweg f\u00fchrt aus dem Fenster, und das ist hoch oben.<br>Wir von MARK Save A Life haben ein System entwickelt, mit dem Sie sich schnell, sicher und selbstst\u00e4ndig retten k\u00f6nnen.<\/figcaption><\/figure>\n\n\n\n<p>Gerne berate ich Sie vor Ort in Ihrer Immobilie, zum Beispiel im Rahmen der Betreuung als externer Brandschutzbeauftragter oder einfach nur Projektbezogen. Unter der Telefonnummer 05751 \/ 87422 k\u00f6nnen Sie Details und Termine besprechen.<\/p>\n","protected":false},"excerpt":{"rendered":"<p>Als &#8222;Silber Partner&#8220; der MARK Save A Life GmbH in \u00d6sterreich bieten wir Ihnen die gesamte Produktpalette sowie Montage von Evakuierungssystemen in Ihrer Immobilie an. Service, j\u00e4hrliche Wiederkehrende Pr\u00fcfung und Anwenderschulung werden in K\u00fcrze auch m\u00f6glich sein. Wo kein zweiter<\/p>\n","protected":false},"author":1,"featured_media":0,"parent":0,"menu_order":0,"comment_status":"closed","ping_status":"closed","template":"","meta":{"_regular_price":[],"currency_symbol":[],"footnotes":""},"post_slider_layout_featured_media_urls":{"thumbnail":"","post_slider_layout_landscape_large":"","post_slider_layout_portrait_large":"","post_slider_layout_square_large":"","post_slider_layout_landscape":"","post_slider_layout_portrait":"","post_slider_layout_square":"","full":""},"_links":{"self":[{"href":"https:\/\/arndt-betriebssicherheit.de\/index.php?rest_route=\/wp\/v2\/pages\/291"}],"collection":[{"href":"https:\/\/arndt-betriebssicherheit.de\/index.php?rest_route=\/wp\/v2\/pages"}],"about":[{"href":"https:\/\/arndt-betriebssicherheit.de\/index.php?rest_route=\/wp\/v2\/types\/page"}],"author":[{"embeddable":true,"href":"https:\/\/arndt-betriebssicherheit.de\/index.php?rest_route=\/wp\/v2\/users\/1"}],"replies":[{"embeddable":true,"href":"https:\/\/arndt-betriebssicherheit.de\/index.php?rest_route=%2Fwp%2Fv2%2Fcomments&post=291"}],"version-history":[{"count":2,"href":"https:\/\/arndt-betriebssicherheit.de\/index.php?rest_route=\/wp\/v2\/pages\/291\/revisions"}],"predecessor-version":[{"id":305,"href":"https:\/\/arndt-betriebssicherheit.de\/index.php?rest_route=\/wp\/v2\/pages\/291\/revisions\/305"}],"wp:attachment":[{"href":"https:\/\/arndt-betriebssicherheit.de\/index.php?rest_route=%2Fwp%2Fv2%2Fmedia&parent=291"}],"curies":[{"name":"wp","href":"https:\/\/api.w.org\/{rel}","templated":true}]}}